{"id":167,"date":"2025-01-10T16:00:12","date_gmt":"2025-01-10T16:00:12","guid":{"rendered":"https:\/\/multimaqperu.com\/?page_id=167"},"modified":"2025-01-10T17:18:38","modified_gmt":"2025-01-10T17:18:38","slug":"pagina-nosotros","status":"publish","type":"page","link":"https:\/\/multimaqperu.com\/?page_id=167","title":{"rendered":"NOSOTROS"},"content":{"rendered":"\t\t<div data-elementor-type=\"wp-page\" data-elementor-id=\"167\" class=\"elementor elementor-167\" data-elementor-post-type=\"page\">\n\t\t\t\t<div class=\"elementor-element elementor-element-350c56d e-con-full e-flex e-con e-parent\" data-id=\"350c56d\" data-element_type=\"container\">\n\t\t<div class=\"elementor-element elementor-element-f0ff748 e-con-full e-flex e-con e-child\" data-id=\"f0ff748\" data-element_type=\"container\">\n\t\t\t\t<div class=\"elementor-element elementor-element-ae53aad elementor-widget elementor-widget-heading\" data-id=\"ae53aad\" data-element_type=\"widget\" data-widget_type=\"heading.default\">\n\t\t\t\t<div class=\"elementor-widget-container\">\n\t\t\t\t\t<h2 class=\"elementor-heading-title elementor-size-default\">NOSOTROS<\/h2>\t\t\t\t<\/div>\n\t\t\t\t<\/div>\n\t\t\t\t<div class=\"elementor-element elementor-element-53bce03 elementor-widget-divider--view-line elementor-widget elementor-widget-divider\" data-id=\"53bce03\" data-element_type=\"widget\" data-widget_type=\"divider.default\">\n\t\t\t\t<div class=\"elementor-widget-container\">\n\t\t\t\t\t\t\t<div class=\"elementor-divider\">\n\t\t\t<span class=\"elementor-divider-separator\">\n\t\t\t\t\t\t<\/span>\n\t\t<\/div>\n\t\t\t\t\t\t<\/div>\n\t\t\t\t<\/div>\n\t\t\t\t<div class=\"elementor-element elementor-element-17c99db elementor-widget elementor-widget-text-editor\" data-id=\"17c99db\" data-element_type=\"widget\" data-widget_type=\"text-editor.default\">\n\t\t\t\t<div class=\"elementor-widget-container\">\n\t\t\t\t\t\t\t\t\t<p>Somos una empresa dirigida por profesionales con 24 a\u00f1os de experiencia en el sector de maquinaria y equipos para la miner\u00eda, la construcci\u00f3n, la agricultura y la industria en general.<\/p>\n<p>Somos proveedores de maquinaria de las mejores marcas del mundo como Caterpillar, Volvo, Komatsu, Case, John Deere, JCB, etc.<\/p>\n<p>Nuestra l\u00ednea de partes y componentes (attachment) compiten con las mejores marcas del mundo, ofrecemos desde u\u00f1as hasta el elemento m\u00e1s grande para todo tipo de m\u00e1quina y marca.<\/p>\n<p>Nuestro compromiso con la seguridad, la calidad y la satisfacci\u00f3n de nuestros clientes nos ha convertido en un proveedor confiable l\u00edder en la venta de maquinaria y equipos de clase mundial.<\/p>\t\t\t\t\t\t\t\t<\/div>\n\t\t\t\t<\/div>\n\t\t\t\t<\/div>\n\t\t\t\t<\/div>\n\t\t\t\t<\/div>\n\t\t","protected":false},"excerpt":{"rendered":"<p>NOSOTROS Somos una empresa dirigida por profesionales con 24 a\u00f1os de experiencia en el sector de maquinaria y equipos para la miner\u00eda, la construcci\u00f3n, la agricultura y la industria en general. Somos proveedores de maquinaria de las mejores marcas del mundo como Caterpillar, Volvo, Komatsu, Case, John Deere, JCB, etc. Nuestra l\u00ednea de partes y [&hellip;]<\/p>\n","protected":false},"author":2,"featured_media":0,"parent":0,"menu_order":0,"comment_status":"closed","ping_status":"closed","template":"","meta":{"footnotes":""},"class_list":["post-167","page","type-page","status-publish","hentry"],"_links":{"self":[{"href":"https:\/\/multimaqperu.com\/index.php?rest_route=\/wp\/v2\/pages\/167","targetHints":{"allow":["GET"]}}],"collection":[{"href":"https:\/\/multimaqperu.com\/index.php?rest_route=\/wp\/v2\/pages"}],"about":[{"href":"https:\/\/multimaqperu.com\/index.php?rest_route=\/wp\/v2\/types\/page"}],"author":[{"embeddable":true,"href":"https:\/\/multimaqperu.com\/index.php?rest_route=\/wp\/v2\/users\/2"}],"replies":[{"embeddable":true,"href":"https:\/\/multimaqperu.com\/index.php?rest_route=%2Fwp%2Fv2%2Fcomments&post=167"}],"version-history":[{"count":5,"href":"https:\/\/multimaqperu.com\/index.php?rest_route=\/wp\/v2\/pages\/167\/revisions"}],"predecessor-version":[{"id":204,"href":"https:\/\/multimaqperu.com\/index.php?rest_route=\/wp\/v2\/pages\/167\/revisions\/204"}],"wp:attachment":[{"href":"https:\/\/multimaqperu.com\/index.php?rest_route=%2Fwp%2Fv2%2Fmedia&parent=167"}],"curies":[{"name":"wp","href":"https:\/\/api.w.org\/{rel}","templated":true}]}}